{"id":1872,"date":"2025-08-20T19:13:07","date_gmt":"2025-08-20T17:13:07","guid":{"rendered":"https:\/\/www.me-garagepoorten.be\/?page_id=1872"},"modified":"2025-08-21T13:18:42","modified_gmt":"2025-08-21T11:18:42","slug":"alles-over-garagepoorten","status":"publish","type":"page","link":"https:\/\/www.me-garagepoorten.be\/fr\/alles-over-garagepoorten\/","title":{"rendered":"Infos portes de garage"},"content":{"rendered":"<p>Les portes de garage n\u00e9cessitent un entretien appropri\u00e9 et un v\u00e9ritable savoir-faire. Vous trouverez ici tout ce qu\u2019il faut savoir sur les nouvelles installations, le montage et la r\u00e9paration de portes, panneaux, moteurs et ressorts. Des conseils pratiques et de l\u2019inspiration vous aident \u00e0 prolonger la dur\u00e9e de vie de votre porte de garage.<\/p>","protected":false},"excerpt":{"rendered":"<p>Les portes de garage n\u00e9cessitent un entretien appropri\u00e9 et un v\u00e9ritable savoir-faire. Vous trouverez ici tout ce qu\u2019il faut savoir sur les nouvelles installations, le montage et la r\u00e9paration de portes, panneaux, moteurs et ressorts. Des conseils pratiques et de l\u2019inspiration vous aident \u00e0 prolonger la dur\u00e9e de vie de votre porte de garage.<\/p>","protected":false},"author":8,"featured_media":0,"parent":0,"menu_order":0,"comment_status":"closed","ping_status":"closed","template":"templates\/blog.php","meta":{"_acf_changed":false,"footnotes":""},"class_list":["post-1872","page","type-page","status-publish","hentry"],"acf":[],"yoast_head":"<!-- This site is optimized with the Yoast SEO Premium plugin v26.7 (Yoast SEO v27.5) - https:\/\/yoast.com\/product\/yoast-seo-premium-wordpress\/ -->\n<title>Alles over Garagepoorten - ME Garagepoorten<\/title>\n<meta name=\"description\" content=\"Garagepoorten in Limburg en Antwerpen. Alles over nieuwe plaatsingen, montage en het herstellen van poorten, panelen, motors en veren.\" \/>\n<meta name=\"robots\" content=\"index, follow, max-snippet:-1, max-image-preview:large, max-video-preview:-1\" \/>\n<link rel=\"canonical\" href=\"https:\/\/www.me-garagepoorten.be\/fr\/alles-over-garagepoorten\/\" \/>\n<meta property=\"og:locale\" content=\"fr_FR\" \/>\n<meta property=\"og:type\" content=\"article\" \/>\n<meta property=\"og:title\" content=\"Alles over Garagepoorten\" \/>\n<meta property=\"og:description\" content=\"Garagepoorten in Limburg en Antwerpen. Alles over nieuwe plaatsingen, montage en het herstellen van poorten, panelen, motors en veren.\" \/>\n<meta property=\"og:url\" content=\"https:\/\/www.me-garagepoorten.be\/fr\/alles-over-garagepoorten\/\" \/>\n<meta property=\"og:site_name\" content=\"ME Garagepoorten\" \/>\n<meta property=\"article:modified_time\" content=\"2025-08-21T11:18:42+00:00\" \/>\n<meta name=\"twitter:card\" content=\"summary_large_image\" \/>\n<meta name=\"twitter:label1\" content=\"Dur\u00e9e de lecture estim\u00e9e\" \/>\n\t<meta name=\"twitter:data1\" content=\"1 minute\" \/>\n<script type=\"application\/ld+json\" class=\"yoast-schema-graph\">{\"@context\":\"https:\\\/\\\/schema.org\",\"@graph\":[{\"@type\":\"WebPage\",\"@id\":\"https:\\\/\\\/www.me-garagepoorten.be\\\/alles-over-garagepoorten\\\/\",\"url\":\"https:\\\/\\\/www.me-garagepoorten.be\\\/alles-over-garagepoorten\\\/\",\"name\":\"Alles over Garagepoorten - ME Garagepoorten\",\"isPartOf\":{\"@id\":\"https:\\\/\\\/www.me-garagepoorten.be\\\/#website\"},\"datePublished\":\"2025-08-20T17:13:07+00:00\",\"dateModified\":\"2025-08-21T11:18:42+00:00\",\"description\":\"Garagepoorten in Limburg en Antwerpen. Alles over nieuwe plaatsingen, montage en het herstellen van poorten, panelen, motors en veren.\",\"breadcrumb\":{\"@id\":\"https:\\\/\\\/www.me-garagepoorten.be\\\/alles-over-garagepoorten\\\/#breadcrumb\"},\"inLanguage\":\"fr-FR\",\"potentialAction\":[{\"@type\":\"ReadAction\",\"target\":[\"https:\\\/\\\/www.me-garagepoorten.be\\\/alles-over-garagepoorten\\\/\"]}]},{\"@type\":\"BreadcrumbList\",\"@id\":\"https:\\\/\\\/www.me-garagepoorten.be\\\/alles-over-garagepoorten\\\/#breadcrumb\",\"itemListElement\":[{\"@type\":\"ListItem\",\"position\":1,\"name\":\"Home\",\"item\":\"https:\\\/\\\/www.me-garagepoorten.be\\\/\"},{\"@type\":\"ListItem\",\"position\":2,\"name\":\"Alles over Garagepoorten\"}]},{\"@type\":\"WebSite\",\"@id\":\"https:\\\/\\\/www.me-garagepoorten.be\\\/#website\",\"url\":\"https:\\\/\\\/www.me-garagepoorten.be\\\/\",\"name\":\"ME Garagepoorten\",\"description\":\"plaatsen, herstellen en onderhouden\",\"publisher\":{\"@id\":\"https:\\\/\\\/www.me-garagepoorten.be\\\/#organization\"},\"potentialAction\":[{\"@type\":\"SearchAction\",\"target\":{\"@type\":\"EntryPoint\",\"urlTemplate\":\"https:\\\/\\\/www.me-garagepoorten.be\\\/?s={search_term_string}\"},\"query-input\":{\"@type\":\"PropertyValueSpecification\",\"valueRequired\":true,\"valueName\":\"search_term_string\"}}],\"inLanguage\":\"fr-FR\"},{\"@type\":\"Organization\",\"@id\":\"https:\\\/\\\/www.me-garagepoorten.be\\\/#organization\",\"name\":\"ME Garagepoorten\",\"url\":\"https:\\\/\\\/www.me-garagepoorten.be\\\/\",\"logo\":{\"@type\":\"ImageObject\",\"inLanguage\":\"fr-FR\",\"@id\":\"https:\\\/\\\/www.me-garagepoorten.be\\\/#\\\/schema\\\/logo\\\/image\\\/\",\"url\":\"https:\\\/\\\/www.me-garagepoorten.be\\\/wp-content\\\/uploads\\\/logo-me-garagepoorten-header.webp\",\"contentUrl\":\"https:\\\/\\\/www.me-garagepoorten.be\\\/wp-content\\\/uploads\\\/logo-me-garagepoorten-header.webp\",\"width\":210,\"height\":68,\"caption\":\"ME Garagepoorten\"},\"image\":{\"@id\":\"https:\\\/\\\/www.me-garagepoorten.be\\\/#\\\/schema\\\/logo\\\/image\\\/\"}}]}<\/script>\n<!-- \/ Yoast SEO Premium plugin. -->","yoast_head_json":{"title":"Alles over Garagepoorten - ME Garagepoorten","description":"Garagepoorten in Limburg en Antwerpen. Alles over nieuwe plaatsingen, montage en het herstellen van poorten, panelen, motors en veren.","robots":{"index":"index","follow":"follow","max-snippet":"max-snippet:-1","max-image-preview":"max-image-preview:large","max-video-preview":"max-video-preview:-1"},"canonical":"https:\/\/www.me-garagepoorten.be\/fr\/alles-over-garagepoorten\/","og_locale":"fr_FR","og_type":"article","og_title":"Alles over Garagepoorten","og_description":"Garagepoorten in Limburg en Antwerpen. Alles over nieuwe plaatsingen, montage en het herstellen van poorten, panelen, motors en veren.","og_url":"https:\/\/www.me-garagepoorten.be\/fr\/alles-over-garagepoorten\/","og_site_name":"ME Garagepoorten","article_modified_time":"2025-08-21T11:18:42+00:00","twitter_card":"summary_large_image","twitter_misc":{"Dur\u00e9e de lecture estim\u00e9e":"1 minute"},"schema":{"@context":"https:\/\/schema.org","@graph":[{"@type":"WebPage","@id":"https:\/\/www.me-garagepoorten.be\/alles-over-garagepoorten\/","url":"https:\/\/www.me-garagepoorten.be\/alles-over-garagepoorten\/","name":"Alles over Garagepoorten - ME Garagepoorten","isPartOf":{"@id":"https:\/\/www.me-garagepoorten.be\/#website"},"datePublished":"2025-08-20T17:13:07+00:00","dateModified":"2025-08-21T11:18:42+00:00","description":"Garagepoorten in Limburg en Antwerpen. Alles over nieuwe plaatsingen, montage en het herstellen van poorten, panelen, motors en veren.","breadcrumb":{"@id":"https:\/\/www.me-garagepoorten.be\/alles-over-garagepoorten\/#breadcrumb"},"inLanguage":"fr-FR","potentialAction":[{"@type":"ReadAction","target":["https:\/\/www.me-garagepoorten.be\/alles-over-garagepoorten\/"]}]},{"@type":"BreadcrumbList","@id":"https:\/\/www.me-garagepoorten.be\/alles-over-garagepoorten\/#breadcrumb","itemListElement":[{"@type":"ListItem","position":1,"name":"Home","item":"https:\/\/www.me-garagepoorten.be\/"},{"@type":"ListItem","position":2,"name":"Alles over Garagepoorten"}]},{"@type":"WebSite","@id":"https:\/\/www.me-garagepoorten.be\/#website","url":"https:\/\/www.me-garagepoorten.be\/","name":"ME Garagepoorten","description":"plaatsen, herstellen en onderhouden","publisher":{"@id":"https:\/\/www.me-garagepoorten.be\/#organization"},"potentialAction":[{"@type":"SearchAction","target":{"@type":"EntryPoint","urlTemplate":"https:\/\/www.me-garagepoorten.be\/?s={search_term_string}"},"query-input":{"@type":"PropertyValueSpecification","valueRequired":true,"valueName":"search_term_string"}}],"inLanguage":"fr-FR"},{"@type":"Organization","@id":"https:\/\/www.me-garagepoorten.be\/#organization","name":"ME Garagepoorten","url":"https:\/\/www.me-garagepoorten.be\/","logo":{"@type":"ImageObject","inLanguage":"fr-FR","@id":"https:\/\/www.me-garagepoorten.be\/#\/schema\/logo\/image\/","url":"https:\/\/www.me-garagepoorten.be\/wp-content\/uploads\/logo-me-garagepoorten-header.webp","contentUrl":"https:\/\/www.me-garagepoorten.be\/wp-content\/uploads\/logo-me-garagepoorten-header.webp","width":210,"height":68,"caption":"ME Garagepoorten"},"image":{"@id":"https:\/\/www.me-garagepoorten.be\/#\/schema\/logo\/image\/"}}]}},"_links":{"self":[{"href":"https:\/\/www.me-garagepoorten.be\/fr\/wp-json\/wp\/v2\/pages\/1872","targetHints":{"allow":["GET"]}}],"collection":[{"href":"https:\/\/www.me-garagepoorten.be\/fr\/wp-json\/wp\/v2\/pages"}],"about":[{"href":"https:\/\/www.me-garagepoorten.be\/fr\/wp-json\/wp\/v2\/types\/page"}],"author":[{"embeddable":true,"href":"https:\/\/www.me-garagepoorten.be\/fr\/wp-json\/wp\/v2\/users\/8"}],"replies":[{"embeddable":true,"href":"https:\/\/www.me-garagepoorten.be\/fr\/wp-json\/wp\/v2\/comments?post=1872"}],"version-history":[{"count":4,"href":"https:\/\/www.me-garagepoorten.be\/fr\/wp-json\/wp\/v2\/pages\/1872\/revisions"}],"predecessor-version":[{"id":1894,"href":"https:\/\/www.me-garagepoorten.be\/fr\/wp-json\/wp\/v2\/pages\/1872\/revisions\/1894"}],"wp:attachment":[{"href":"https:\/\/www.me-garagepoorten.be\/fr\/wp-json\/wp\/v2\/media?parent=1872"}],"curies":[{"name":"wp","href":"https:\/\/api.w.org\/{rel}","templated":true}]}}